{"id":570,"date":"2025-07-08T09:26:15","date_gmt":"2025-07-08T09:26:15","guid":{"rendered":"https:\/\/www.grand-magic-hotel.com\/?page_id=570"},"modified":"2025-07-08T09:37:59","modified_gmt":"2025-07-08T09:37:59","slug":"hotel-near-vallee-village-paris","status":"publish","type":"page","link":"https:\/\/www.grand-magic-hotel.com\/en\/hotel-near-vallee-village-paris\/","title":{"rendered":"Vall\u00e9e Village"},"content":{"rendered":"<p style=\"text-align: center\"><span style=\"font-weight: 400\">Fancy a <\/span><b>shopping spree at La Vall\u00e9e Village<\/b><span style=\"font-weight: 400\">? Take the opportunity to stay in a unique and exotic place ! The Grand Magic Hotel welcomes you just steps from this open-air village, for an extraordinary, immersive stay.<\/span><\/p>\n<h2 style=\"text-align: center\"><span style=\"font-weight: 400\">La Vall\u00e9e Village : much more than a shopping center<\/span><\/h2>\n<p style=\"text-align: center\"><a href=\"https:\/\/www.thebicestercollection.com\/la-vallee-village\/en\/\"><span style=\"font-weight: 400\">La Vall\u00e9e Village<\/span><\/a><span style=\"font-weight: 400\"> is a must-visit destination for high-end and outlet shopping enthusiasts. This open-air shopping center brings together more than 110 boutiques of major fashion, luxury, and lifestyle brands, at reduced prices all year round. Among them are Burberry, Sandro, The Kooples, Polo Ralph Lauren, and Longchamp, with La Vall\u00e9e Village gathering the biggest brands in a beautifully tree-lined and bucolic pedestrian street.<\/span><\/p>\n<p style=\"text-align: center\"><span style=\"font-weight: 400\">In the immediate vicinity, the <\/span><a href=\"https:\/\/val-d-europe-en.klepierre.fr\/\"><span style=\"font-weight: 400\">Val d&#8217;Europe<\/span><\/a><span style=\"font-weight: 400\"> shopping center complements this shopping offer with its more affordable brands, restaurants, and family atmosphere. A day at La Vall\u00e9e Village and Val d&#8217;Europe is the perfect opportunity to combine <strong>shopping, strolling, and gourmet discoverie<\/strong>s!<\/span><\/p>\n<p style=\"text-align: center\"><span style=\"font-weight: 400\">And to experience this in the best conditions, there&#8217;s nothing like staying in a <\/span><b>hotel near la Vall\u00e9e Village Paris<\/b><span style=\"font-weight: 400\">\u2026<\/span><\/p>\n<h2 style=\"text-align: center\"><span style=\"font-weight: 400\">Experience a hotel near La Vall\u00e9e Village<\/span><\/h2>\n<p style=\"text-align: center\"><span style=\"font-weight: 400\">Nested just <strong>10 minutes from La Vall\u00e9e Village<\/strong>, the Grand Magic Hotel stands out with its enchanting universe, perfect for families, couples, or groups of friends seeking a <strong>comfortable stay in a unique atmosphere<\/strong>.<\/span><\/p>\n<p style=\"text-align: center\"><span style=\"font-weight: 400\">Our hotel offers a <strong>free and regular shuttle<\/strong> to the RER and TGV stations of Marne-la-Vall\u00e9e \u2013 Chessy, from where it is very easy to reach La Vall\u00e9e Village. By car, it takes approximately 10 minutes to get there. Whether you are using public transport or driving, access is simple, fast, and secure.<\/span><\/p>\n<p style=\"text-align: center\"><span style=\"font-weight: 400\">The <\/span><a href=\"https:\/\/www.grand-magic-hotel.com\/en\/rooms-suites\/\"><span style=\"font-weight: 400\">themed rooms<\/span><\/a><span style=\"font-weight: 400\">, the playful spaces for children, the large indoor <\/span><a href=\"https:\/\/www.grand-magic-hotel.com\/en\/pool-spa\/\"><span style=\"font-weight: 400\">swimming pool<\/span><\/a><span style=\"font-weight: 400\">, the fitness room, and the <\/span><a href=\"https:\/\/www.grand-magic-hotel.com\/en\/restaurant-bar\/chez-maurice\/\"><span style=\"font-weight: 400\">Chez Maurice restaurant<\/span><\/a><span style=\"font-weight: 400\"> all contribute to an experience where everything is done to <strong>extend the pleasure well beyond the shops<\/strong>.<\/span><\/p>\n<h2 style=\"text-align: center\"><span style=\"font-weight: 400\">Extend the Magic at Grand Magic Hotel<\/span><\/h2>\n<p style=\"text-align: center\"><span style=\"font-weight: 400\">Once the suitcases are put down, the experience has only just begun at the Grand Magic Hotel. After a relaxing morning at the pool, what could be better than an afternoon of<\/span><b> shopping at La Vall\u00e9e Village<\/b><span style=\"font-weight: 400\"> to find some favorite pieces? To end the day gently, settle into the <\/span><b>Chez Maurice restaurant<\/b><span style=\"font-weight: 400\"> to savor generous cuisine or order directly via room service if you prefer to stay quietly in your room.<\/span><\/p>\n<p style=\"text-align: center\"><span style=\"font-weight: 400\">Are you more the type to start the day on the right foot? Begin with a <\/span><b>session at the gym<\/b><span style=\"font-weight: 400\"> to fill up on energy before exploring the shops of La Vall\u00e9e Village or Val d&#8217;Europe. And when evening comes, let yourself be tempted by a fun break in the arcade room, without forgetting the<\/span><b> light show in the hall at 7 PM<\/b><span style=\"font-weight: 400\">. A daily rendezvous that amazes young and old.<\/span><\/p>\n<p style=\"text-align: center\"><span style=\"font-weight: 400\">Ready to experience this unforgettable getaway ? Book your stay now at the Grand Magic Hotel and enjoy a complete experience at a <\/span><b>hotel near la Vall\u00e9e Village Paris<\/b><span style=\"font-weight: 400\">!<\/span><\/p>\n","protected":false},"excerpt":{"rendered":"<p>Fancy a shopping spree at La Vall\u00e9e Village? Take the opportunity to stay in a unique and exotic place ! The Grand Magic Hotel welcomes you just steps from this open-air village, for an extraordinary, immersive stay. La Vall\u00e9e Village : much more than a shopping center La Vall\u00e9e Village is a must-visit destination for [&hellip;]<\/p>\n","protected":false},"author":207,"featured_media":0,"parent":0,"menu_order":0,"comment_status":"closed","ping_status":"closed","template":"","meta":{"footnotes":""},"yoast_head":"<!-- This site is optimized with the Yoast SEO plugin v22.3 - https:\/\/yoast.com\/wordpress\/plugins\/seo\/ -->\n<title>Hotel near la Vall\u00e9e Village Paris - Grand Magic Hotel<\/title>\n<meta name=\"description\" content=\"Enjoy an unforgettable stay in a hotel near La Vall\u00e9e Village Paris: transport and express access to La Vall\u00e9e Village with the Grand Magic Hotel\" \/>\n<meta name=\"robots\" content=\"index, follow, max-snippet:-1, max-image-preview:large, max-video-preview:-1\" \/>\n<link rel=\"canonical\" href=\"https:\/\/www.grand-magic-hotel.com\/en\/hotel-near-vallee-village-paris\/\" \/>\n<meta property=\"og:locale\" content=\"en_US\" \/>\n<meta property=\"og:type\" content=\"article\" \/>\n<meta property=\"og:title\" content=\"Hotel near la Vall\u00e9e Village Paris - Grand Magic Hotel\" \/>\n<meta property=\"og:description\" content=\"Enjoy an unforgettable stay in a hotel near La Vall\u00e9e Village Paris: transport and express access to La Vall\u00e9e Village with the Grand Magic Hotel\" \/>\n<meta property=\"og:url\" content=\"https:\/\/www.grand-magic-hotel.com\/en\/hotel-near-vallee-village-paris\/\" \/>\n<meta property=\"og:site_name\" content=\"Grand Magic Hotel\" \/>\n<meta property=\"article:modified_time\" content=\"2025-07-08T09:37:59+00:00\" \/>\n<meta name=\"twitter:card\" content=\"summary_large_image\" \/>\n<meta name=\"twitter:label1\" content=\"Est. reading time\" \/>\n\t<meta name=\"twitter:data1\" content=\"2 minutes\" \/>\n<script type=\"application\/ld+json\" class=\"yoast-schema-graph\">{\"@context\":\"https:\/\/schema.org\",\"@graph\":[{\"@type\":\"WebPage\",\"@id\":\"https:\/\/www.grand-magic-hotel.com\/en\/hotel-near-vallee-village-paris\/\",\"url\":\"https:\/\/www.grand-magic-hotel.com\/en\/hotel-near-vallee-village-paris\/\",\"name\":\"Hotel near la Vall\u00e9e Village Paris - Grand Magic Hotel\",\"isPartOf\":{\"@id\":\"https:\/\/www.grand-magic-hotel.com\/en\/#website\"},\"datePublished\":\"2025-07-08T09:26:15+00:00\",\"dateModified\":\"2025-07-08T09:37:59+00:00\",\"description\":\"Enjoy an unforgettable stay in a hotel near La Vall\u00e9e Village Paris: transport and express access to La Vall\u00e9e Village with the Grand Magic Hotel\",\"breadcrumb\":{\"@id\":\"https:\/\/www.grand-magic-hotel.com\/en\/hotel-near-vallee-village-paris\/#breadcrumb\"},\"inLanguage\":\"en-US\",\"potentialAction\":[{\"@type\":\"ReadAction\",\"target\":[\"https:\/\/www.grand-magic-hotel.com\/en\/hotel-near-vallee-village-paris\/\"]}]},{\"@type\":\"BreadcrumbList\",\"@id\":\"https:\/\/www.grand-magic-hotel.com\/en\/hotel-near-vallee-village-paris\/#breadcrumb\",\"itemListElement\":[{\"@type\":\"ListItem\",\"position\":1,\"name\":\"Home\",\"item\":\"https:\/\/www.grand-magic-hotel.com\/en\/\"},{\"@type\":\"ListItem\",\"position\":2,\"name\":\"Vall\u00e9e Village\"}]},{\"@type\":\"WebSite\",\"@id\":\"https:\/\/www.grand-magic-hotel.com\/en\/#website\",\"url\":\"https:\/\/www.grand-magic-hotel.com\/en\/\",\"name\":\"Grand Magic Hotel\",\"description\":\"\",\"potentialAction\":[{\"@type\":\"SearchAction\",\"target\":{\"@type\":\"EntryPoint\",\"urlTemplate\":\"https:\/\/www.grand-magic-hotel.com\/en\/?s={search_term_string}\"},\"query-input\":\"required name=search_term_string\"}],\"inLanguage\":\"en-US\"}]}<\/script>\n<!-- \/ Yoast SEO plugin. -->","yoast_head_json":{"title":"Hotel near la Vall\u00e9e Village Paris - Grand Magic Hotel","description":"Enjoy an unforgettable stay in a hotel near La Vall\u00e9e Village Paris: transport and express access to La Vall\u00e9e Village with the Grand Magic Hotel","robots":{"index":"index","follow":"follow","max-snippet":"max-snippet:-1","max-image-preview":"max-image-preview:large","max-video-preview":"max-video-preview:-1"},"canonical":"https:\/\/www.grand-magic-hotel.com\/en\/hotel-near-vallee-village-paris\/","og_locale":"en_US","og_type":"article","og_title":"Hotel near la Vall\u00e9e Village Paris - Grand Magic Hotel","og_description":"Enjoy an unforgettable stay in a hotel near La Vall\u00e9e Village Paris: transport and express access to La Vall\u00e9e Village with the Grand Magic Hotel","og_url":"https:\/\/www.grand-magic-hotel.com\/en\/hotel-near-vallee-village-paris\/","og_site_name":"Grand Magic Hotel","article_modified_time":"2025-07-08T09:37:59+00:00","twitter_card":"summary_large_image","twitter_misc":{"Est. reading time":"2 minutes"},"schema":{"@context":"https:\/\/schema.org","@graph":[{"@type":"WebPage","@id":"https:\/\/www.grand-magic-hotel.com\/en\/hotel-near-vallee-village-paris\/","url":"https:\/\/www.grand-magic-hotel.com\/en\/hotel-near-vallee-village-paris\/","name":"Hotel near la Vall\u00e9e Village Paris - Grand Magic Hotel","isPartOf":{"@id":"https:\/\/www.grand-magic-hotel.com\/en\/#website"},"datePublished":"2025-07-08T09:26:15+00:00","dateModified":"2025-07-08T09:37:59+00:00","description":"Enjoy an unforgettable stay in a hotel near La Vall\u00e9e Village Paris: transport and express access to La Vall\u00e9e Village with the Grand Magic Hotel","breadcrumb":{"@id":"https:\/\/www.grand-magic-hotel.com\/en\/hotel-near-vallee-village-paris\/#breadcrumb"},"inLanguage":"en-US","potentialAction":[{"@type":"ReadAction","target":["https:\/\/www.grand-magic-hotel.com\/en\/hotel-near-vallee-village-paris\/"]}]},{"@type":"BreadcrumbList","@id":"https:\/\/www.grand-magic-hotel.com\/en\/hotel-near-vallee-village-paris\/#breadcrumb","itemListElement":[{"@type":"ListItem","position":1,"name":"Home","item":"https:\/\/www.grand-magic-hotel.com\/en\/"},{"@type":"ListItem","position":2,"name":"Vall\u00e9e Village"}]},{"@type":"WebSite","@id":"https:\/\/www.grand-magic-hotel.com\/en\/#website","url":"https:\/\/www.grand-magic-hotel.com\/en\/","name":"Grand Magic Hotel","description":"","potentialAction":[{"@type":"SearchAction","target":{"@type":"EntryPoint","urlTemplate":"https:\/\/www.grand-magic-hotel.com\/en\/?s={search_term_string}"},"query-input":"required name=search_term_string"}],"inLanguage":"en-US"}]}},"acf":[],"_links":{"self":[{"href":"https:\/\/www.grand-magic-hotel.com\/en\/wp-json\/wp\/v2\/pages\/570"}],"collection":[{"href":"https:\/\/www.grand-magic-hotel.com\/en\/wp-json\/wp\/v2\/pages"}],"about":[{"href":"https:\/\/www.grand-magic-hotel.com\/en\/wp-json\/wp\/v2\/types\/page"}],"author":[{"embeddable":true,"href":"https:\/\/www.grand-magic-hotel.com\/en\/wp-json\/wp\/v2\/users\/207"}],"replies":[{"embeddable":true,"href":"https:\/\/www.grand-magic-hotel.com\/en\/wp-json\/wp\/v2\/comments?post=570"}],"version-history":[{"count":0,"href":"https:\/\/www.grand-magic-hotel.com\/en\/wp-json\/wp\/v2\/pages\/570\/revisions"}],"wp:attachment":[{"href":"https:\/\/www.grand-magic-hotel.com\/en\/wp-json\/wp\/v2\/media?parent=570"}],"curies":[{"name":"wp","href":"https:\/\/api.w.org\/{rel}","templated":true}]}}